{"id":57,"date":"2017-07-05T13:14:37","date_gmt":"2017-07-05T11:14:37","guid":{"rendered":"http:\/\/blog.entfallteiledienst.de\/?page_id=57"},"modified":"2018-01-05T18:03:56","modified_gmt":"2018-01-05T17:03:56","slug":"impressum","status":"publish","type":"page","link":"https:\/\/blog.entfallteiledienst.de\/?page_id=57","title":{"rendered":"Impressum"},"content":{"rendered":"<p><strong>Gutsche GmbH VW-Entfallteiledienst&nbsp;&nbsp;<\/strong><b><br \/>\n<\/b>Im Gesetz 20<br \/>\nD-53227 Bonn Beuel<\/p>\n<p>Tel.: 0228 4221793<br \/>\nFax.: 0228 4221794<br \/>\nE-Mail: info@vw-entfallteiledienst.de<\/p>\n<p>Gesch\u00e4ftsf\u00fchrer: Florian Kalff<\/p>\n<p>Ust-Identnr.: DE 813.179.497<br \/>\nHandelsregister Bonn &#8211; HRB 9234<br \/>\nErf\u00fcllungsort u. Gerichtsstand ist Bonn<\/p>\n<p><b>Urheberrechte<br \/>\n<\/b>Inhalt und Struktur&nbsp;des Internetauftritts der&nbsp;Gutsche GmbH VW-Entfallteiledienst sind urheberrechtlich gesch\u00fctzt.&nbsp;Insbesondere die Verwendung von Texten, Textteilen oder Bildmaterial bedarf der vorherigen, schriftlichen Zustimmung der Entfallteiledienst Gutsche GmbH. Gutsche GmbH VW-Entfallteiledienst ist kein Bestandteil des Volkswagenwerkes.<br \/>\n\u00a9 Gutsche GmbH VW-Entfallteiledienst, Bonn<\/p>\n<p>Hits: 0<\/p>","protected":false},"excerpt":{"rendered":"<p>Gutsche GmbH VW-Entfallteiledienst&nbsp;&nbsp; Im Gesetz 20 D-53227 Bonn Beuel Tel.: 0228 4221793 Fax.: 0228 4221794 E-Mail: info@vw-entfallteiledienst.de Gesch\u00e4ftsf\u00fchrer: Florian Kalff Ust-Identnr.: DE 813.179.497 Handelsregister Bonn &#8211; HRB 9234 Erf\u00fcllungsort u. Gerichtsstand ist Bonn Urheberrechte Inhalt und Struktur&nbsp;des Internetauftritts der&nbsp;Gutsche GmbH VW-Entfallteiledienst sind urheberrechtlich gesch\u00fctzt.&nbsp;Insbesondere die Verwendung von Texten, Textteilen oder Bildmaterial bedarf der vorherigen, schriftlichen [&hellip;]<\/p>\n","protected":false},"author":1,"featured_media":0,"parent":0,"menu_order":0,"comment_status":"closed","ping_status":"closed","template":"","meta":{"ngg_post_thumbnail":0},"_links":{"self":[{"href":"https:\/\/blog.entfallteiledienst.de\/index.php?rest_route=\/wp\/v2\/pages\/57"}],"collection":[{"href":"https:\/\/blog.entfallteiledienst.de\/index.php?rest_route=\/wp\/v2\/pages"}],"about":[{"href":"https:\/\/blog.entfallteiledienst.de\/index.php?rest_route=\/wp\/v2\/types\/page"}],"author":[{"embeddable":true,"href":"https:\/\/blog.entfallteiledienst.de\/index.php?rest_route=\/wp\/v2\/users\/1"}],"replies":[{"embeddable":true,"href":"https:\/\/blog.entfallteiledienst.de\/index.php?rest_route=%2Fwp%2Fv2%2Fcomments&post=57"}],"version-history":[{"count":3,"href":"https:\/\/blog.entfallteiledienst.de\/index.php?rest_route=\/wp\/v2\/pages\/57\/revisions"}],"predecessor-version":[{"id":628,"href":"https:\/\/blog.entfallteiledienst.de\/index.php?rest_route=\/wp\/v2\/pages\/57\/revisions\/628"}],"wp:attachment":[{"href":"https:\/\/blog.entfallteiledienst.de\/index.php?rest_route=%2Fwp%2Fv2%2Fmedia&parent=57"}],"curies":[{"name":"wp","href":"https:\/\/api.w.org\/{rel}","templated":true}]}}